{"id":1006,"date":"2018-02-08T11:00:23","date_gmt":"2018-02-08T10:00:23","guid":{"rendered":"http:\/\/forraskut.hu\/?page_id=1006"},"modified":"2020-11-06T13:17:58","modified_gmt":"2020-11-06T12:17:58","slug":"szent-kereszt-gyogyszertar","status":"publish","type":"page","link":"https:\/\/forraskut.hu\/index.php\/szent-kereszt-gyogyszertar\/","title":{"rendered":"Szent Kereszt Gy\u00f3gyszert\u00e1r"},"content":{"rendered":"<p class=\"last-modified\">Utolj\u00e1ra friss\u00edtve:&nbsp;  2020. november 6.<\/p><p>C\u00edm: Forr\u00e1sk\u00fat, J\u00f3zsef A. utca 38\/B.<\/p>\n<p>Tel: <a href=\"tel:+3662287002\"> 62\/287-002<\/a><\/p>\n<p>GPS: <a href=\"https:\/\/www.google.hu\/maps\/place\/46%C2%B021'56.7%22N+19%C2%B054'44.6%22E\/@46.3657456,19.9114258,306m\/data=!3m2!1e3!4b1!4m14!1m7!3m6!1s0x47438105e9ca9741:0x447d6bd763f978fb!2zRm9ycsOhc2vDunQsIErDs3pzZWYgQXR0aWxhIHUuIDM4LCA2Nzkz!3b1!8m2!3d46.365398!4d19.912657!3m5!1s0x0:0x0!7e2!8m2!3d46.3657437!4d19.9123742?hl=hu\" target=\"_blank\" rel=\"noopener noreferrer\">46.365808, 19.912364<\/a><\/p>\n<p>Nyitvatart\u00e1s: H\u00e9tf\u0151-P\u00e9ntek 7:45 -15:45<\/p>\n","protected":false},"excerpt":{"rendered":"<p>Utolj\u00e1ra friss\u00edtve:&nbsp; 2020. november 6.C\u00edm: Forr\u00e1sk\u00fat, J\u00f3zsef A. utca 38\/B. Tel: 62\/287-002 GPS: 46.365808, 19.912364 Nyitvatart\u00e1s: H\u00e9tf\u0151-P\u00e9ntek 7:45 -15:45<\/p>\n","protected":false},"author":2,"featured_media":0,"parent":0,"menu_order":0,"comment_status":"closed","ping_status":"closed","template":"","meta":{"_exactmetrics_skip_tracking":false,"_exactmetrics_sitenote_active":false,"_exactmetrics_sitenote_note":"","_exactmetrics_sitenote_category":0,"footnotes":""},"yoast_head":"<!-- This site is optimized with the Yoast SEO plugin v23.4 - https:\/\/yoast.com\/wordpress\/plugins\/seo\/ -->\n<title>Szent Kereszt Gy\u00f3gyszert\u00e1r - forraskut.hu<\/title>\n<meta name=\"robots\" content=\"index, follow, max-snippet:-1, max-image-preview:large, max-video-preview:-1\" \/>\n<link rel=\"canonical\" href=\"https:\/\/forraskut.hu\/index.php\/szent-kereszt-gyogyszertar\/\" \/>\n<meta property=\"og:locale\" content=\"hu_HU\" \/>\n<meta property=\"og:type\" content=\"article\" \/>\n<meta property=\"og:title\" content=\"Szent Kereszt Gy\u00f3gyszert\u00e1r - forraskut.hu\" \/>\n<meta property=\"og:description\" content=\"Utolj\u00e1ra friss\u00edtve:&nbsp; 2020. november 6.C\u00edm: Forr\u00e1sk\u00fat, J\u00f3zsef A. utca 38\/B. Tel: 62\/287-002 GPS: 46.365808, 19.912364 Nyitvatart\u00e1s: H\u00e9tf\u0151-P\u00e9ntek 7:45 -15:45\" \/>\n<meta property=\"og:url\" content=\"https:\/\/forraskut.hu\/index.php\/szent-kereszt-gyogyszertar\/\" \/>\n<meta property=\"og:site_name\" content=\"forraskut.hu\" \/>\n<meta property=\"article:modified_time\" content=\"2020-11-06T12:17:58+00:00\" \/>\n<meta name=\"twitter:card\" content=\"summary_large_image\" \/>\n<script type=\"application\/ld+json\" class=\"yoast-schema-graph\">{\"@context\":\"https:\/\/schema.org\",\"@graph\":[{\"@type\":\"WebPage\",\"@id\":\"https:\/\/forraskut.hu\/index.php\/szent-kereszt-gyogyszertar\/\",\"url\":\"https:\/\/forraskut.hu\/index.php\/szent-kereszt-gyogyszertar\/\",\"name\":\"Szent Kereszt Gy\u00f3gyszert\u00e1r - forraskut.hu\",\"isPartOf\":{\"@id\":\"https:\/\/forraskut.hu\/#website\"},\"datePublished\":\"2018-02-08T10:00:23+00:00\",\"dateModified\":\"2020-11-06T12:17:58+00:00\",\"breadcrumb\":{\"@id\":\"https:\/\/forraskut.hu\/index.php\/szent-kereszt-gyogyszertar\/#breadcrumb\"},\"inLanguage\":\"hu\",\"potentialAction\":[{\"@type\":\"ReadAction\",\"target\":[\"https:\/\/forraskut.hu\/index.php\/szent-kereszt-gyogyszertar\/\"]}]},{\"@type\":\"BreadcrumbList\",\"@id\":\"https:\/\/forraskut.hu\/index.php\/szent-kereszt-gyogyszertar\/#breadcrumb\",\"itemListElement\":[{\"@type\":\"ListItem\",\"position\":1,\"name\":\"Kezd\u0151lap\",\"item\":\"https:\/\/forraskut.hu\/\"},{\"@type\":\"ListItem\",\"position\":2,\"name\":\"Szent Kereszt Gy\u00f3gyszert\u00e1r\"}]},{\"@type\":\"WebSite\",\"@id\":\"https:\/\/forraskut.hu\/#website\",\"url\":\"https:\/\/forraskut.hu\/\",\"name\":\"forraskut.hu\",\"description\":\"Forr\u00e1sk\u00fat k\u00f6zs\u00e9g hivatalos weboldala\",\"potentialAction\":[{\"@type\":\"SearchAction\",\"target\":{\"@type\":\"EntryPoint\",\"urlTemplate\":\"https:\/\/forraskut.hu\/?s={search_term_string}\"},\"query-input\":{\"@type\":\"PropertyValueSpecification\",\"valueRequired\":true,\"valueName\":\"search_term_string\"}}],\"inLanguage\":\"hu\"}]}<\/script>\n<!-- \/ Yoast SEO plugin. -->","yoast_head_json":{"title":"Szent Kereszt Gy\u00f3gyszert\u00e1r - forraskut.hu","robots":{"index":"index","follow":"follow","max-snippet":"max-snippet:-1","max-image-preview":"max-image-preview:large","max-video-preview":"max-video-preview:-1"},"canonical":"https:\/\/forraskut.hu\/index.php\/szent-kereszt-gyogyszertar\/","og_locale":"hu_HU","og_type":"article","og_title":"Szent Kereszt Gy\u00f3gyszert\u00e1r - forraskut.hu","og_description":"Utolj\u00e1ra friss\u00edtve:&nbsp; 2020. november 6.C\u00edm: Forr\u00e1sk\u00fat, J\u00f3zsef A. utca 38\/B. Tel: 62\/287-002 GPS: 46.365808, 19.912364 Nyitvatart\u00e1s: H\u00e9tf\u0151-P\u00e9ntek 7:45 -15:45","og_url":"https:\/\/forraskut.hu\/index.php\/szent-kereszt-gyogyszertar\/","og_site_name":"forraskut.hu","article_modified_time":"2020-11-06T12:17:58+00:00","twitter_card":"summary_large_image","schema":{"@context":"https:\/\/schema.org","@graph":[{"@type":"WebPage","@id":"https:\/\/forraskut.hu\/index.php\/szent-kereszt-gyogyszertar\/","url":"https:\/\/forraskut.hu\/index.php\/szent-kereszt-gyogyszertar\/","name":"Szent Kereszt Gy\u00f3gyszert\u00e1r - forraskut.hu","isPartOf":{"@id":"https:\/\/forraskut.hu\/#website"},"datePublished":"2018-02-08T10:00:23+00:00","dateModified":"2020-11-06T12:17:58+00:00","breadcrumb":{"@id":"https:\/\/forraskut.hu\/index.php\/szent-kereszt-gyogyszertar\/#breadcrumb"},"inLanguage":"hu","potentialAction":[{"@type":"ReadAction","target":["https:\/\/forraskut.hu\/index.php\/szent-kereszt-gyogyszertar\/"]}]},{"@type":"BreadcrumbList","@id":"https:\/\/forraskut.hu\/index.php\/szent-kereszt-gyogyszertar\/#breadcrumb","itemListElement":[{"@type":"ListItem","position":1,"name":"Kezd\u0151lap","item":"https:\/\/forraskut.hu\/"},{"@type":"ListItem","position":2,"name":"Szent Kereszt Gy\u00f3gyszert\u00e1r"}]},{"@type":"WebSite","@id":"https:\/\/forraskut.hu\/#website","url":"https:\/\/forraskut.hu\/","name":"forraskut.hu","description":"Forr\u00e1sk\u00fat k\u00f6zs\u00e9g hivatalos weboldala","potentialAction":[{"@type":"SearchAction","target":{"@type":"EntryPoint","urlTemplate":"https:\/\/forraskut.hu\/?s={search_term_string}"},"query-input":{"@type":"PropertyValueSpecification","valueRequired":true,"valueName":"search_term_string"}}],"inLanguage":"hu"}]}},"_links":{"self":[{"href":"https:\/\/forraskut.hu\/index.php\/wp-json\/wp\/v2\/pages\/1006"}],"collection":[{"href":"https:\/\/forraskut.hu\/index.php\/wp-json\/wp\/v2\/pages"}],"about":[{"href":"https:\/\/forraskut.hu\/index.php\/wp-json\/wp\/v2\/types\/page"}],"author":[{"embeddable":true,"href":"https:\/\/forraskut.hu\/index.php\/wp-json\/wp\/v2\/users\/2"}],"replies":[{"embeddable":true,"href":"https:\/\/forraskut.hu\/index.php\/wp-json\/wp\/v2\/comments?post=1006"}],"version-history":[{"count":3,"href":"https:\/\/forraskut.hu\/index.php\/wp-json\/wp\/v2\/pages\/1006\/revisions"}],"predecessor-version":[{"id":2030,"href":"https:\/\/forraskut.hu\/index.php\/wp-json\/wp\/v2\/pages\/1006\/revisions\/2030"}],"wp:attachment":[{"href":"https:\/\/forraskut.hu\/index.php\/wp-json\/wp\/v2\/media?parent=1006"}],"curies":[{"name":"wp","href":"https:\/\/api.w.org\/{rel}","templated":true}]}}